{"id":610,"date":"2019-08-12T16:47:15","date_gmt":"2019-08-12T14:47:15","guid":{"rendered":"https:\/\/www.chateau-tournefeuille.com\/produit\/tournefeuille-la-cure-2015-lalande-de-pomerol\/"},"modified":"2026-02-26T13:05:00","modified_gmt":"2026-02-26T12:05:00","slug":"la-bure-des-moines-2021-bordeaux-superieur","status":"publish","type":"product","link":"https:\/\/www.chateau-tournefeuille.com\/en\/la-bure-des-moines-2021-bordeaux-superieur\/","title":{"rendered":"La Bure des Moines 2021"},"content":{"rendered":"<ul>\n<li><span class=\"fontstyle0\">Des tanins onctueux et ronds en bouche. La finale est l\u00e9g\u00e8re.<\/span><\/li>\n<li><span class=\"fontstyle0\">Tr\u00e8s agr\u00e9able pour consommer sur les 3 ans \u00e0 venir<\/span><\/li>\n<\/ul>\n<p>Issu de l\u2019association et de la comp\u00e9tence de trois amis, l\u2019un vigneron en Lalande de Pomerol et Saint-Emilion, l\u2019autre n\u00e9gociant en vins depuis 3 g\u00e9n\u00e9rations et le dernier grand amateur et passionn\u00e9 de longue date par la vigne et le vin, ce beau produit conjugue amiti\u00e9, passion et qualit\u00e9.<\/p>\n<p><em>\u00ab Issu d\u2019un mill\u00e9sime tr\u00e8s m\u00fbr, ce vin offre une tr\u00e8s belle fraicheur aromatique de fruits noirs. \u00bb<\/em><br \/>\nEmeric Petit, Vigneron<\/p>\n","protected":false},"excerpt":{"rendered":"<p>Des tanins onctueux et ronds en bouche. La finale est l\u00e9g\u00e8re. Tr\u00e8s agr\u00e9able pour consommer sur les 3 ans \u00e0 venir Issu de l\u2019association et de<span class=\"excerpt-hellip\"> [\u2026]<\/span><\/p>\n","protected":false},"featured_media":12012,"comment_status":"open","ping_status":"closed","template":"","meta":{"rank_math_lock_modified_date":false},"product_cat":[110],"product_tag":[115],"millesime":[121],"class_list":{"0":"post-610","1":"product","2":"type-product","3":"status-publish","4":"has-post-thumbnail","6":"product_cat-vins-rouges","7":"product_tag-bordeaux-superieur","8":"millesime-121","10":"first","11":"onbackorder","12":"taxable","13":"shipping-taxable","14":"purchasable","15":"product-type-variable","16":"has-default-attributes"},"_links":{"self":[{"href":"https:\/\/www.chateau-tournefeuille.com\/en\/wp-json\/wp\/v2\/product\/610","targetHints":{"allow":["GET"]}}],"collection":[{"href":"https:\/\/www.chateau-tournefeuille.com\/en\/wp-json\/wp\/v2\/product"}],"about":[{"href":"https:\/\/www.chateau-tournefeuille.com\/en\/wp-json\/wp\/v2\/types\/product"}],"replies":[{"embeddable":true,"href":"https:\/\/www.chateau-tournefeuille.com\/en\/wp-json\/wp\/v2\/comments?post=610"}],"wp:featuredmedia":[{"embeddable":true,"href":"https:\/\/www.chateau-tournefeuille.com\/en\/wp-json\/wp\/v2\/media\/12012"}],"wp:attachment":[{"href":"https:\/\/www.chateau-tournefeuille.com\/en\/wp-json\/wp\/v2\/media?parent=610"}],"wp:term":[{"taxonomy":"product_cat","embeddable":true,"href":"https:\/\/www.chateau-tournefeuille.com\/en\/wp-json\/wp\/v2\/product_cat?post=610"},{"taxonomy":"product_tag","embeddable":true,"href":"https:\/\/www.chateau-tournefeuille.com\/en\/wp-json\/wp\/v2\/product_tag?post=610"},{"taxonomy":"millesime","embeddable":true,"href":"https:\/\/www.chateau-tournefeuille.com\/en\/wp-json\/wp\/v2\/millesime?post=610"}],"curies":[{"name":"wp","href":"https:\/\/api.w.org\/{rel}","templated":true}]}}