{"id":602,"date":"2019-08-12T16:47:09","date_gmt":"2019-08-12T14:47:09","guid":{"rendered":"https:\/\/www.chateau-tournefeuille.com\/produit\/tournefeuille-2017-lalande-de-pomerol\/"},"modified":"2026-02-09T13:12:37","modified_gmt":"2026-02-09T12:12:37","slug":"rosalcy-2023-blanc-entre-deux-mers","status":"publish","type":"product","link":"https:\/\/www.chateau-tournefeuille.com\/en\/rosalcy-2023-blanc-entre-deux-mers\/","title":{"rendered":"Rosalcy 2023 blanc"},"content":{"rendered":"<ul>\n<li><span class=\"fontstyle0\">Rosalcy blanc sec est le fruit d\u2019un partenariat entre Emeric Petit et un vigneron de l\u2019appellation Entre Deux Mers.<\/span><\/li>\n<li>Les c\u00e9pages :\u00a0 S\u00e9millon, sauvignon, muscadelle.<\/li>\n<li>Vous d\u00e9gusterez et y trouverez les notes de Fruits exotiques et p\u00eache de vigne.<\/li>\n<li>Tr\u00e8s \u00e9quilibr\u00e9.<\/li>\n<\/ul>\n<p><em>\u00ab Vous ne serez pas d\u00e9\u00e7u ! Un r\u00e9gal ! \u00bb<\/em><br \/>\nEmeric Petit, Vigneron \u00e0 Lalande de Pomerol<\/p>\n","protected":false},"excerpt":{"rendered":"<p>Rosalcy blanc sec est le fruit d\u2019un partenariat entre Emeric Petit et un vigneron de l\u2019appellation Entre Deux Mers. Les c\u00e9pages :\u00a0 S\u00e9millon, sauvignon, muscadelle. Vous<span class=\"excerpt-hellip\"> [\u2026]<\/span><\/p>\n","protected":false},"featured_media":3870,"comment_status":"open","ping_status":"closed","template":"","meta":{"rank_math_lock_modified_date":false},"product_cat":[113],"product_tag":[112],"millesime":[123],"class_list":{"0":"post-602","1":"product","2":"type-product","3":"status-publish","4":"has-post-thumbnail","6":"product_cat-vins-blancs","7":"product_tag-vin-de-france","8":"millesime-123","10":"first","11":"instock","12":"taxable","13":"shipping-taxable","14":"purchasable","15":"product-type-variable","16":"has-default-attributes"},"_links":{"self":[{"href":"https:\/\/www.chateau-tournefeuille.com\/en\/wp-json\/wp\/v2\/product\/602","targetHints":{"allow":["GET"]}}],"collection":[{"href":"https:\/\/www.chateau-tournefeuille.com\/en\/wp-json\/wp\/v2\/product"}],"about":[{"href":"https:\/\/www.chateau-tournefeuille.com\/en\/wp-json\/wp\/v2\/types\/product"}],"replies":[{"embeddable":true,"href":"https:\/\/www.chateau-tournefeuille.com\/en\/wp-json\/wp\/v2\/comments?post=602"}],"wp:featuredmedia":[{"embeddable":true,"href":"https:\/\/www.chateau-tournefeuille.com\/en\/wp-json\/wp\/v2\/media\/3870"}],"wp:attachment":[{"href":"https:\/\/www.chateau-tournefeuille.com\/en\/wp-json\/wp\/v2\/media?parent=602"}],"wp:term":[{"taxonomy":"product_cat","embeddable":true,"href":"https:\/\/www.chateau-tournefeuille.com\/en\/wp-json\/wp\/v2\/product_cat?post=602"},{"taxonomy":"product_tag","embeddable":true,"href":"https:\/\/www.chateau-tournefeuille.com\/en\/wp-json\/wp\/v2\/product_tag?post=602"},{"taxonomy":"millesime","embeddable":true,"href":"https:\/\/www.chateau-tournefeuille.com\/en\/wp-json\/wp\/v2\/millesime?post=602"}],"curies":[{"name":"wp","href":"https:\/\/api.w.org\/{rel}","templated":true}]}}