{"id":595,"date":"2019-08-12T16:47:03","date_gmt":"2019-08-12T14:47:03","guid":{"rendered":"https:\/\/www.chateau-tournefeuille.com\/produit\/rosalcy-lalande-de-pomerol\/"},"modified":"2026-02-09T11:16:26","modified_gmt":"2026-02-09T10:16:26","slug":"c315-sud-ouest-2023-lalande-de-pomerol","status":"publish","type":"product","link":"https:\/\/www.chateau-tournefeuille.com\/en\/c315-sud-ouest-2023-lalande-de-pomerol\/","title":{"rendered":"C315 Sud-Ouest 2023"},"content":{"rendered":"<ul>\n<li>Vin 90% merlot et 10% Malbec, sans souffre, vinifi\u00e9 et \u00e9lev\u00e9 en amphore.<\/li>\n<li><span class=\"fontstyle0\">Cette cuv\u00e9e \u00ab Sud Ouest \u00bb illustre un vin d\u2019\u00e9quilibre et de fruit.<\/span><\/li>\n<li><span class=\"fontstyle0\">C315 est l\u2019identification cadastrale du Ch\u00e2teau Tournefeuille<\/span><\/li>\n<\/ul>\n<p>Emeric Petit Vigneron \u00e0 Lalande de Pomerol.<\/p>\n","protected":false},"excerpt":{"rendered":"<p>Vin 90% merlot et 10% Malbec, sans souffre, vinifi\u00e9 et \u00e9lev\u00e9 en amphore. Cette cuv\u00e9e \u00ab Sud Ouest \u00bb illustre un vin d\u2019\u00e9quilibre et de fruit.<span class=\"excerpt-hellip\"> [\u2026]<\/span><\/p>\n","protected":false},"featured_media":12018,"comment_status":"open","ping_status":"closed","template":"","meta":{"rank_math_lock_modified_date":false},"product_cat":[110],"product_tag":[109],"millesime":[123],"class_list":{"0":"post-595","1":"product","2":"type-product","3":"status-publish","4":"has-post-thumbnail","6":"product_cat-vins-rouges","7":"product_tag-lalande-de-pomerol","8":"millesime-123","10":"first","11":"instock","12":"taxable","13":"shipping-taxable","14":"purchasable","15":"product-type-variable","16":"has-default-attributes"},"_links":{"self":[{"href":"https:\/\/www.chateau-tournefeuille.com\/en\/wp-json\/wp\/v2\/product\/595","targetHints":{"allow":["GET"]}}],"collection":[{"href":"https:\/\/www.chateau-tournefeuille.com\/en\/wp-json\/wp\/v2\/product"}],"about":[{"href":"https:\/\/www.chateau-tournefeuille.com\/en\/wp-json\/wp\/v2\/types\/product"}],"replies":[{"embeddable":true,"href":"https:\/\/www.chateau-tournefeuille.com\/en\/wp-json\/wp\/v2\/comments?post=595"}],"wp:featuredmedia":[{"embeddable":true,"href":"https:\/\/www.chateau-tournefeuille.com\/en\/wp-json\/wp\/v2\/media\/12018"}],"wp:attachment":[{"href":"https:\/\/www.chateau-tournefeuille.com\/en\/wp-json\/wp\/v2\/media?parent=595"}],"wp:term":[{"taxonomy":"product_cat","embeddable":true,"href":"https:\/\/www.chateau-tournefeuille.com\/en\/wp-json\/wp\/v2\/product_cat?post=595"},{"taxonomy":"product_tag","embeddable":true,"href":"https:\/\/www.chateau-tournefeuille.com\/en\/wp-json\/wp\/v2\/product_tag?post=595"},{"taxonomy":"millesime","embeddable":true,"href":"https:\/\/www.chateau-tournefeuille.com\/en\/wp-json\/wp\/v2\/millesime?post=595"}],"curies":[{"name":"wp","href":"https:\/\/api.w.org\/{rel}","templated":true}]}}