{"id":3776,"date":"2022-11-10T13:41:43","date_gmt":"2022-11-10T12:41:43","guid":{"rendered":"https:\/\/www.chateau-tournefeuille.com\/?post_type=product&#038;p=3776"},"modified":"2026-02-09T11:27:51","modified_gmt":"2026-02-09T10:27:51","slug":"la-cure-2019-lalande-de-pomerol","status":"publish","type":"product","link":"https:\/\/www.chateau-tournefeuille.com\/en\/la-cure-2019-lalande-de-pomerol\/","title":{"rendered":"La Cure 2019"},"content":{"rendered":"<ul>\n<li><span class=\"fontstyle0\">Les petits fruits noirs sont pr\u00e9sents. <\/span><\/li>\n<li><span class=\"fontstyle0\">Une belle finesse, tout en \u00e9l\u00e9gance ! <\/span><\/li>\n<li><span class=\"fontstyle0\">Potentiel de garde : 2035<\/span><\/li>\n<\/ul>\n<p><em>\u00ab <span class=\"fontstyle0\">Un grand mill\u00e9sime !\u00a0 <\/span>\u00bb<br \/>\n<\/em>Emeric PETIT, Vigneron \u00e0 Lalande de Pomerol<\/p>\n","protected":false},"excerpt":{"rendered":"<p>Les petits fruits noirs sont pr\u00e9sents. Une belle finesse, tout en \u00e9l\u00e9gance ! Potentiel de garde : 2035 \u00ab Un grand mill\u00e9sime !\u00a0 \u00bb Emeric PETIT,<span class=\"excerpt-hellip\"> [\u2026]<\/span><\/p>\n","protected":false},"featured_media":12008,"comment_status":"open","ping_status":"closed","template":"","meta":{"rank_math_lock_modified_date":false},"product_cat":[110],"product_tag":[109],"millesime":[119],"class_list":{"0":"post-3776","1":"product","2":"type-product","3":"status-publish","4":"has-post-thumbnail","6":"product_cat-vins-rouges","7":"product_tag-lalande-de-pomerol","8":"millesime-119","10":"first","11":"instock","12":"featured","13":"taxable","14":"shipping-taxable","15":"product-type-variable","16":"has-default-attributes"},"_links":{"self":[{"href":"https:\/\/www.chateau-tournefeuille.com\/en\/wp-json\/wp\/v2\/product\/3776","targetHints":{"allow":["GET"]}}],"collection":[{"href":"https:\/\/www.chateau-tournefeuille.com\/en\/wp-json\/wp\/v2\/product"}],"about":[{"href":"https:\/\/www.chateau-tournefeuille.com\/en\/wp-json\/wp\/v2\/types\/product"}],"replies":[{"embeddable":true,"href":"https:\/\/www.chateau-tournefeuille.com\/en\/wp-json\/wp\/v2\/comments?post=3776"}],"wp:featuredmedia":[{"embeddable":true,"href":"https:\/\/www.chateau-tournefeuille.com\/en\/wp-json\/wp\/v2\/media\/12008"}],"wp:attachment":[{"href":"https:\/\/www.chateau-tournefeuille.com\/en\/wp-json\/wp\/v2\/media?parent=3776"}],"wp:term":[{"taxonomy":"product_cat","embeddable":true,"href":"https:\/\/www.chateau-tournefeuille.com\/en\/wp-json\/wp\/v2\/product_cat?post=3776"},{"taxonomy":"product_tag","embeddable":true,"href":"https:\/\/www.chateau-tournefeuille.com\/en\/wp-json\/wp\/v2\/product_tag?post=3776"},{"taxonomy":"millesime","embeddable":true,"href":"https:\/\/www.chateau-tournefeuille.com\/en\/wp-json\/wp\/v2\/millesime?post=3776"}],"curies":[{"name":"wp","href":"https:\/\/api.w.org\/{rel}","templated":true}]}}