{"id":3501,"date":"2021-04-22T13:23:54","date_gmt":"2021-04-22T11:23:54","guid":{"rendered":"https:\/\/www.chateau-tournefeuille.com\/?post_type=product&#038;p=3501"},"modified":"2026-02-09T11:13:53","modified_gmt":"2026-02-09T10:13:53","slug":"vin-rose-2024-igp-atlantique","status":"publish","type":"product","link":"https:\/\/www.chateau-tournefeuille.com\/en\/vin-rose-2024-igp-atlantique\/","title":{"rendered":"Rosalcy 2024 ros\u00e9"},"content":{"rendered":"<ul>\n<li>\u00c9l\u00e9gance du vin ros\u00e9.<\/li>\n<li>Rafra\u00eechissant, fruit\u00e9 et aux ar\u00f4mes d\u00e9licats.<\/li>\n<li>Parfait pour les moments de d\u00e9tente et les repas en plein air.<\/li>\n<\/ul>\n<p>Fruit d\u2019un partenariat entre amis vignerons, Rosalcy ros\u00e9 est issu d&#8217;une s\u00e9lection rigoureuse des meilleurs terroirs en libournais : sable, et argilo-calcaire.<\/p>\n<p><em>\u00ab Laissez vous s\u00e9duire par une exp\u00e9rience gustative unique.<br \/>\n<\/em>Emeric PETIT, vigneron \u00e0 Lalande de Pomerol.<\/p>\n","protected":false},"excerpt":{"rendered":"<p>\u00c9l\u00e9gance du vin ros\u00e9. Rafra\u00eechissant, fruit\u00e9 et aux ar\u00f4mes d\u00e9licats. Parfait pour les moments de d\u00e9tente et les repas en plein air. Fruit d\u2019un partenariat entre<span class=\"excerpt-hellip\"> [\u2026]<\/span><\/p>\n","protected":false},"featured_media":3516,"comment_status":"open","ping_status":"closed","template":"","meta":{"rank_math_lock_modified_date":false},"product_cat":[117],"product_tag":[116],"millesime":[130],"class_list":{"0":"post-3501","1":"product","2":"type-product","3":"status-publish","4":"has-post-thumbnail","6":"product_cat-vins-roses","7":"product_tag-igp-atlantique","8":"millesime-130","10":"first","11":"instock","12":"taxable","13":"shipping-taxable","14":"purchasable","15":"product-type-variable","16":"has-default-attributes"},"_links":{"self":[{"href":"https:\/\/www.chateau-tournefeuille.com\/en\/wp-json\/wp\/v2\/product\/3501","targetHints":{"allow":["GET"]}}],"collection":[{"href":"https:\/\/www.chateau-tournefeuille.com\/en\/wp-json\/wp\/v2\/product"}],"about":[{"href":"https:\/\/www.chateau-tournefeuille.com\/en\/wp-json\/wp\/v2\/types\/product"}],"replies":[{"embeddable":true,"href":"https:\/\/www.chateau-tournefeuille.com\/en\/wp-json\/wp\/v2\/comments?post=3501"}],"wp:featuredmedia":[{"embeddable":true,"href":"https:\/\/www.chateau-tournefeuille.com\/en\/wp-json\/wp\/v2\/media\/3516"}],"wp:attachment":[{"href":"https:\/\/www.chateau-tournefeuille.com\/en\/wp-json\/wp\/v2\/media?parent=3501"}],"wp:term":[{"taxonomy":"product_cat","embeddable":true,"href":"https:\/\/www.chateau-tournefeuille.com\/en\/wp-json\/wp\/v2\/product_cat?post=3501"},{"taxonomy":"product_tag","embeddable":true,"href":"https:\/\/www.chateau-tournefeuille.com\/en\/wp-json\/wp\/v2\/product_tag?post=3501"},{"taxonomy":"millesime","embeddable":true,"href":"https:\/\/www.chateau-tournefeuille.com\/en\/wp-json\/wp\/v2\/millesime?post=3501"}],"curies":[{"name":"wp","href":"https:\/\/api.w.org\/{rel}","templated":true}]}}