{"id":2494,"date":"2020-06-18T14:53:12","date_gmt":"2020-06-18T12:53:12","guid":{"rendered":"https:\/\/www.chateau-tournefeuille.com\/?post_type=product&#038;p=2494"},"modified":"2026-02-09T11:27:23","modified_gmt":"2026-02-09T10:27:23","slug":"rosalcy-2023-lalande-de-pomerol","status":"publish","type":"product","link":"https:\/\/www.chateau-tournefeuille.com\/en\/rosalcy-2023-lalande-de-pomerol\/","title":{"rendered":"Rosalcy 2023"},"content":{"rendered":"<ul>\n<li><span class=\"fontstyle0\">Un vin tr\u00e8s savoureux aux tanins souples et \u00e9quilibr\u00e9s.<\/span><\/li>\n<li><span class=\"fontstyle0\">Une finale fraiche et fruit\u00e9e. De la douceur\u2026<\/span><\/li>\n<li><span class=\"fontstyle0\">Potentiel de garde : 2026-2028<\/span><\/li>\n<\/ul>\n<p><em><span class=\"fontstyle0\">\u00ab Un tr\u00e8s bon vin de plaisir ! \u00bb<\/span><\/em><br \/>\nEmeric PETIT, vigneron \u00e0 Lalande de Pomerol.<\/p>\n","protected":false},"excerpt":{"rendered":"<p>Un vin tr\u00e8s savoureux aux tanins souples et \u00e9quilibr\u00e9s. Une finale fraiche et fruit\u00e9e. De la douceur\u2026 Potentiel de garde : 2026-2028 \u00ab Un tr\u00e8s bon<span class=\"excerpt-hellip\"> [\u2026]<\/span><\/p>\n","protected":false},"featured_media":12002,"comment_status":"open","ping_status":"closed","template":"","meta":{"rank_math_lock_modified_date":false},"product_cat":[110],"product_tag":[109],"millesime":[123],"class_list":{"0":"post-2494","1":"product","2":"type-product","3":"status-publish","4":"has-post-thumbnail","6":"product_cat-vins-rouges","7":"product_tag-lalande-de-pomerol","8":"millesime-123","10":"first","11":"instock","12":"taxable","13":"shipping-taxable","14":"product-type-variable","15":"has-default-attributes"},"_links":{"self":[{"href":"https:\/\/www.chateau-tournefeuille.com\/en\/wp-json\/wp\/v2\/product\/2494","targetHints":{"allow":["GET"]}}],"collection":[{"href":"https:\/\/www.chateau-tournefeuille.com\/en\/wp-json\/wp\/v2\/product"}],"about":[{"href":"https:\/\/www.chateau-tournefeuille.com\/en\/wp-json\/wp\/v2\/types\/product"}],"replies":[{"embeddable":true,"href":"https:\/\/www.chateau-tournefeuille.com\/en\/wp-json\/wp\/v2\/comments?post=2494"}],"wp:featuredmedia":[{"embeddable":true,"href":"https:\/\/www.chateau-tournefeuille.com\/en\/wp-json\/wp\/v2\/media\/12002"}],"wp:attachment":[{"href":"https:\/\/www.chateau-tournefeuille.com\/en\/wp-json\/wp\/v2\/media?parent=2494"}],"wp:term":[{"taxonomy":"product_cat","embeddable":true,"href":"https:\/\/www.chateau-tournefeuille.com\/en\/wp-json\/wp\/v2\/product_cat?post=2494"},{"taxonomy":"product_tag","embeddable":true,"href":"https:\/\/www.chateau-tournefeuille.com\/en\/wp-json\/wp\/v2\/product_tag?post=2494"},{"taxonomy":"millesime","embeddable":true,"href":"https:\/\/www.chateau-tournefeuille.com\/en\/wp-json\/wp\/v2\/millesime?post=2494"}],"curies":[{"name":"wp","href":"https:\/\/api.w.org\/{rel}","templated":true}]}}