{"id":12555,"date":"2025-04-09T15:07:43","date_gmt":"2025-04-09T13:07:43","guid":{"rendered":"https:\/\/www.chateau-tournefeuille.com\/?post_type=product&#038;p=12555"},"modified":"2026-02-09T11:26:31","modified_gmt":"2026-02-09T10:26:31","slug":"rosalcy-clairet-2024","status":"publish","type":"product","link":"https:\/\/www.chateau-tournefeuille.com\/en\/rosalcy-clairet-2024\/","title":{"rendered":"Rosalcy Clairet 2024"},"content":{"rendered":"<ul>\n<li><span class=\"fontstyle0\">Rosalcy Clairet\u00a0<\/span><\/li>\n<li>Les c\u00e9pages :\u00a0 Merlot, Cabernet Franc.<\/li>\n<li><span class=\"OYPEnA font-feature-liga-off font-feature-clig-off font-feature-calt-off text-decoration-none text-strikethrough-none\">Robe rubis intense. Le Rosalcy clairet exprime des ar\u00f4mes prononc\u00e9s de fruits rouges tels que la fraise, la framboise et d\u2019une agr\u00e9able l\u00e9g\u00e8ret\u00e9. Un vin rafraichissant et de plaisir.<\/span><\/li>\n<\/ul>\n<p><em>\u00ab <span class=\"OYPEnA font-feature-liga-off font-feature-clig-off font-feature-calt-off text-decoration-none text-strikethrough-none\">Attention, vous allez aimer !<\/span> \u00bb<\/em><br \/>\nEmeric Petit, Vigneron \u00e0 Lalande de Pomerol<\/p>\n","protected":false},"excerpt":{"rendered":"<p>Rosalcy Clairet\u00a0 Les c\u00e9pages :\u00a0 Merlot, Cabernet Franc. Robe rubis intense. Le Rosalcy clairet exprime des ar\u00f4mes prononc\u00e9s de fruits rouges tels que la fraise, la<span class=\"excerpt-hellip\"> [\u2026]<\/span><\/p>\n","protected":false},"featured_media":12596,"comment_status":"open","ping_status":"closed","template":"","meta":{"rank_math_lock_modified_date":false},"product_cat":[131],"product_tag":[112],"millesime":[130],"class_list":{"0":"post-12555","1":"product","2":"type-product","3":"status-publish","4":"has-post-thumbnail","6":"product_cat-vins-clairet","7":"product_tag-vin-de-france","8":"millesime-130","10":"first","11":"instock","12":"taxable","13":"shipping-taxable","14":"purchasable","15":"product-type-variable","16":"has-default-attributes"},"_links":{"self":[{"href":"https:\/\/www.chateau-tournefeuille.com\/en\/wp-json\/wp\/v2\/product\/12555","targetHints":{"allow":["GET"]}}],"collection":[{"href":"https:\/\/www.chateau-tournefeuille.com\/en\/wp-json\/wp\/v2\/product"}],"about":[{"href":"https:\/\/www.chateau-tournefeuille.com\/en\/wp-json\/wp\/v2\/types\/product"}],"replies":[{"embeddable":true,"href":"https:\/\/www.chateau-tournefeuille.com\/en\/wp-json\/wp\/v2\/comments?post=12555"}],"wp:featuredmedia":[{"embeddable":true,"href":"https:\/\/www.chateau-tournefeuille.com\/en\/wp-json\/wp\/v2\/media\/12596"}],"wp:attachment":[{"href":"https:\/\/www.chateau-tournefeuille.com\/en\/wp-json\/wp\/v2\/media?parent=12555"}],"wp:term":[{"taxonomy":"product_cat","embeddable":true,"href":"https:\/\/www.chateau-tournefeuille.com\/en\/wp-json\/wp\/v2\/product_cat?post=12555"},{"taxonomy":"product_tag","embeddable":true,"href":"https:\/\/www.chateau-tournefeuille.com\/en\/wp-json\/wp\/v2\/product_tag?post=12555"},{"taxonomy":"millesime","embeddable":true,"href":"https:\/\/www.chateau-tournefeuille.com\/en\/wp-json\/wp\/v2\/millesime?post=12555"}],"curies":[{"name":"wp","href":"https:\/\/api.w.org\/{rel}","templated":true}]}}